{"id":1718,"date":"2013-10-22T14:18:54","date_gmt":"2013-10-22T17:18:54","guid":{"rendered":"https:\/\/corporacionamerica.com.uy\/andemita\/?page_id=1718"},"modified":"2023-11-14T11:04:17","modified_gmt":"2023-11-14T14:04:17","slug":"viajar-por-la-patagonia","status":"publish","type":"page","link":"https:\/\/andemitapatagonia.com\/es\/patagonia\/viajar-por-la-patagonia","title":{"rendered":"Viajar por la Patagonia"},"content":{"rendered":"\t\t<div data-elementor-type=\"wp-page\" data-elementor-id=\"1718\" class=\"elementor elementor-1718 elementor-181\" data-elementor-post-type=\"page\">\n\t\t\t\t\t\t<section class=\"elementor-section elementor-top-section elementor-element elementor-element-03dcb9d elementor-section-boxed elementor-section-height-default elementor-section-height-default\" data-id=\"03dcb9d\" data-element_type=\"section\" data-e-type=\"section\" data-settings=\"{&quot;background_background&quot;:&quot;classic&quot;}\">\n\t\t\t\t\t\t<div class=\"elementor-container elementor-column-gap-no\">\n\t\t\t\t\t<div class=\"elementor-column elementor-col-50 elementor-top-column elementor-element elementor-element-b7f2225\" data-id=\"b7f2225\" data-element_type=\"column\" data-e-type=\"column\">\n\t\t\t<div class=\"elementor-widget-wrap elementor-element-populated\">\n\t\t\t\t\t\t<div class=\"elementor-element elementor-element-29cc09c elementor-widget elementor-widget-image\" data-id=\"29cc09c\" data-element_type=\"widget\" data-e-type=\"widget\" data-widget_type=\"image.default\">\n\t\t\t\t<div class=\"elementor-widget-container\">\n\t\t\t\t\t\t\t\t\t\t\t\t\t\t\t<img fetchpriority=\"high\" decoding=\"async\" width=\"1024\" height=\"681\" src=\"https:\/\/andemitapatagonia.com\/wp-content\/uploads\/2023\/04\/ruta-nieve-1024x681.webp\" class=\"attachment-large size-large wp-image-9250\" alt=\"\" srcset=\"https:\/\/andemitapatagonia.com\/wp-content\/uploads\/2023\/04\/ruta-nieve-1024x681.webp 1024w, https:\/\/andemitapatagonia.com\/wp-content\/uploads\/2023\/04\/ruta-nieve-300x199.webp 300w, https:\/\/andemitapatagonia.com\/wp-content\/uploads\/2023\/04\/ruta-nieve-768x511.webp 768w, https:\/\/andemitapatagonia.com\/wp-content\/uploads\/2023\/04\/ruta-nieve.webp 1080w\" sizes=\"(max-width: 1024px) 100vw, 1024px\" \/>\t\t\t\t\t\t\t\t\t\t\t\t\t\t\t<\/div>\n\t\t\t\t<\/div>\n\t\t\t\t\t<\/div>\n\t\t<\/div>\n\t\t\t\t<div class=\"elementor-column elementor-col-50 elementor-top-column elementor-element elementor-element-d484a13\" data-id=\"d484a13\" data-element_type=\"column\" data-e-type=\"column\">\n\t\t\t<div class=\"elementor-widget-wrap elementor-element-populated\">\n\t\t\t\t\t\t<div class=\"elementor-element elementor-element-c8ed3b4 elementor-widget elementor-widget-text-editor\" data-id=\"c8ed3b4\" data-element_type=\"widget\" data-e-type=\"widget\" data-widget_type=\"text-editor.default\">\n\t\t\t\t<div class=\"elementor-widget-container\">\n\t\t\t\t\t\t\t\t\t<p>Como cualquier regi\u00f3n remota y vasta de nuestro Mundo, viajar puede demandar m\u00e1s tiempo de lo \u201cnormal\u201d por eso hay que ser flexible y adaptarse. Los servicios funcionan mejor que a comienzos del siglo XX, cuando los primeros pobladores de la Patagonia deb\u00edan viajar a caballo durante meses para unir el Oc\u00e9ano Atl\u00e1ntico con la Cordillera de los Andes. Paciencia y unos ricos mates solucionan cualquier retraso.<\/p><p>Recuerden el sabio refr\u00e1n patag\u00f3nico: \u201c<em>Si usted est\u00e1 apurado en la Patagonia, est\u00e1 perdiendo su tiempo!<\/em>\u201c<\/p><p>Que mejor excusa para \u201cbajar un cambio\u201d que viajar por la Patagonia!<\/p>\t\t\t\t\t\t\t\t<\/div>\n\t\t\t\t<\/div>\n\t\t\t\t\t<\/div>\n\t\t<\/div>\n\t\t\t\t\t<\/div>\n\t\t<\/section>\n\t\t\t\t<section class=\"elementor-section elementor-top-section elementor-element elementor-element-994a270 elementor-section-boxed elementor-section-height-default elementor-section-height-default\" data-id=\"994a270\" data-element_type=\"section\" data-e-type=\"section\">\n\t\t\t\t\t\t<div class=\"elementor-container elementor-column-gap-default\">\n\t\t\t\t\t<div class=\"elementor-column elementor-col-100 elementor-top-column elementor-element elementor-element-0b23ab9\" data-id=\"0b23ab9\" data-element_type=\"column\" data-e-type=\"column\">\n\t\t\t<div class=\"elementor-widget-wrap elementor-element-populated\">\n\t\t\t\t\t\t<div class=\"elementor-element elementor-element-d124aa1 elementor-widget elementor-widget-spacer\" data-id=\"d124aa1\" data-element_type=\"widget\" data-e-type=\"widget\" data-widget_type=\"spacer.default\">\n\t\t\t\t<div class=\"elementor-widget-container\">\n\t\t\t\t\t\t\t<div class=\"elementor-spacer\">\n\t\t\t<div class=\"elementor-spacer-inner\"><\/div>\n\t\t<\/div>\n\t\t\t\t\t\t<\/div>\n\t\t\t\t<\/div>\n\t\t\t\t\t<\/div>\n\t\t<\/div>\n\t\t\t\t\t<\/div>\n\t\t<\/section>\n\t\t\t\t<section class=\"elementor-section elementor-top-section elementor-element elementor-element-55a584c1 elementor-section-boxed elementor-section-height-default elementor-section-height-default\" data-id=\"55a584c1\" data-element_type=\"section\" data-e-type=\"section\">\n\t\t\t\t\t\t<div class=\"elementor-container elementor-column-gap-default\">\n\t\t\t\t\t<div class=\"elementor-column elementor-col-100 elementor-top-column elementor-element elementor-element-7127b99a\" data-id=\"7127b99a\" data-element_type=\"column\" data-e-type=\"column\">\n\t\t\t<div class=\"elementor-widget-wrap elementor-element-populated\">\n\t\t\t\t\t\t<div class=\"elementor-element elementor-element-2ef095a3 elementor-widget elementor-widget-text-editor\" data-id=\"2ef095a3\" data-element_type=\"widget\" data-e-type=\"widget\" data-widget_type=\"text-editor.default\">\n\t\t\t\t<div class=\"elementor-widget-container\">\n\t\t\t\t\t\t\t\t\t<p><strong>Viajar en autob\u00fas de larga distancia\u00a0<\/strong>es una tradici\u00f3n Argentina que hay que experimentar en alg\u00fan momento de la vida. Pero no se equivoquen, si usted est\u00e1 esperando una experiencia cultural como lo es en Per\u00fa o Bolivia con los gallinas y vejas en el autob\u00fas\u2026 no no! En Argentina losmicros de larga distancia son de primera clase con asientos muy c\u00f3modos y proyectan con las \u00faltimos estrenos de cine, te sirven el almuerzo y cena durante el viaje.<\/p>\t\t\t\t\t\t\t\t<\/div>\n\t\t\t\t<\/div>\n\t\t\t\t<div class=\"elementor-element elementor-element-1d8a311 elementor-widget elementor-widget-spacer\" data-id=\"1d8a311\" data-element_type=\"widget\" data-e-type=\"widget\" data-widget_type=\"spacer.default\">\n\t\t\t\t<div class=\"elementor-widget-container\">\n\t\t\t\t\t\t\t<div class=\"elementor-spacer\">\n\t\t\t<div class=\"elementor-spacer-inner\"><\/div>\n\t\t<\/div>\n\t\t\t\t\t\t<\/div>\n\t\t\t\t<\/div>\n\t\t\t\t<div class=\"elementor-element elementor-element-40bbf14 elementor-widget elementor-widget-text-editor\" data-id=\"40bbf14\" data-element_type=\"widget\" data-e-type=\"widget\" data-widget_type=\"text-editor.default\">\n\t\t\t\t<div class=\"elementor-widget-container\">\n\t\t\t\t\t\t\t\t\t<p><strong>Alquilar autos es sencillo<\/strong>\u00a0pero un poco m\u00e1s caro que en Europa o Am\u00e9rica del Norte, igualmente sigue siendo una gran opci\u00f3n para viajar por la Patagonia. Solo tengan cuidado al conducir ya que los caminos de monta\u00f1a pueden ser traicionares, asi como otros conductores. Otro tema importante, no dejes objetos valiosos dentro del auto ya que hay muchos urtos a coches de alquiler.<\/p>\t\t\t\t\t\t\t\t<\/div>\n\t\t\t\t<\/div>\n\t\t\t\t<div class=\"elementor-element elementor-element-a0c8475 elementor-widget elementor-widget-spacer\" data-id=\"a0c8475\" data-element_type=\"widget\" data-e-type=\"widget\" data-widget_type=\"spacer.default\">\n\t\t\t\t<div class=\"elementor-widget-container\">\n\t\t\t\t\t\t\t<div class=\"elementor-spacer\">\n\t\t\t<div class=\"elementor-spacer-inner\"><\/div>\n\t\t<\/div>\n\t\t\t\t\t\t<\/div>\n\t\t\t\t<\/div>\n\t\t\t\t<div class=\"elementor-element elementor-element-ffdff6a elementor-widget elementor-widget-text-editor\" data-id=\"ffdff6a\" data-element_type=\"widget\" data-e-type=\"widget\" data-widget_type=\"text-editor.default\">\n\t\t\t\t<div class=\"elementor-widget-container\">\n\t\t\t\t\t\t\t\t\t<p><strong>Un buen consejo en general para los turistas es mantenerte bajo perfil<\/strong>, deja las joyas y relojes lujosos en casa asi tenes menos cosas que preocuparte. La Patagonia en general es un sitio muy seguro para viajar pero en las ciudades siempre mejor estar un poco atento a posibles urtos. Si te gusta la fotograf\u00eda, usala la camar\u00e1 donde quieras pero guardala cuando no la estas usando.\u00a0 Los cinturones porta-dinero funcionan bien para proteger tu dinero y pasaporte. En las ciudades o centros turisticos importantes se aceptan tarjetas de cr\u00e9dito en casi todos lados, aunque se recomienda portar de algo de dinero en efectivo siempre.<\/p>\t\t\t\t\t\t\t\t<\/div>\n\t\t\t\t<\/div>\n\t\t\t\t<div class=\"elementor-element elementor-element-7e572fe elementor-widget elementor-widget-spacer\" data-id=\"7e572fe\" data-element_type=\"widget\" data-e-type=\"widget\" data-widget_type=\"spacer.default\">\n\t\t\t\t<div class=\"elementor-widget-container\">\n\t\t\t\t\t\t\t<div class=\"elementor-spacer\">\n\t\t\t<div class=\"elementor-spacer-inner\"><\/div>\n\t\t<\/div>\n\t\t\t\t\t\t<\/div>\n\t\t\t\t<\/div>\n\t\t\t\t<div class=\"elementor-element elementor-element-4529252 elementor-widget elementor-widget-text-editor\" data-id=\"4529252\" data-element_type=\"widget\" data-e-type=\"widget\" data-widget_type=\"text-editor.default\">\n\t\t\t\t<div class=\"elementor-widget-container\">\n\t\t\t\t\t\t\t\t\t<p><strong>En caso de viajar durante Enero o Febrero<\/strong>\u00a0tenga en cuenta planear su vuelo y el alojamiento con bastante antelaci\u00f3n ya que es la temporada alta de turismo nacional y Chileno asi que los hospedajes\u00a0 y refugios se llenan. Contrate a un gu\u00eda que lo ayude a evitar las multitudes! \ud83d\ude09<\/p>\t\t\t\t\t\t\t\t<\/div>\n\t\t\t\t<\/div>\n\t\t\t\t\t<\/div>\n\t\t<\/div>\n\t\t\t\t\t<\/div>\n\t\t<\/section>\n\t\t\t\t<section class=\"elementor-section elementor-top-section elementor-element elementor-element-97d1775 elementor-section-boxed elementor-section-height-default elementor-section-height-default\" data-id=\"97d1775\" data-element_type=\"section\" data-e-type=\"section\">\n\t\t\t\t\t\t<div class=\"elementor-container elementor-column-gap-default\">\n\t\t\t\t\t<div class=\"elementor-column elementor-col-100 elementor-top-column elementor-element elementor-element-b45d605\" data-id=\"b45d605\" data-element_type=\"column\" data-e-type=\"column\">\n\t\t\t<div class=\"elementor-widget-wrap\">\n\t\t\t\t\t\t\t<\/div>\n\t\t<\/div>\n\t\t\t\t\t<\/div>\n\t\t<\/section>\n\t\t\t\t<\/div>\n\t\t","protected":false},"excerpt":{"rendered":"<p>Como cualquier regi\u00f3n remota y vasta de nuestro Mundo, viajar puede demandar m\u00e1s tiempo de lo \u201cnormal\u201d por eso hay que ser flexible y adaptarse. Los servicios funcionan mejor que a comienzos del siglo XX, cuando los primeros pobladores de la Patagonia deb\u00edan viajar a caballo durante meses para unir el Oc\u00e9ano Atl\u00e1ntico con la&hellip;<\/p>\n","protected":false},"author":2,"featured_media":0,"parent":1715,"menu_order":0,"comment_status":"closed","ping_status":"closed","template":"","meta":{"_acf_changed":false,"_monsterinsights_skip_tracking":false,"_monsterinsights_sitenote_active":false,"_monsterinsights_sitenote_note":"","_monsterinsights_sitenote_category":0,"_joinchat":[],"footnotes":""},"class_list":["post-1718","page","type-page","status-publish","hentry"],"acf":[],"_links":{"self":[{"href":"https:\/\/andemitapatagonia.com\/es\/wp-json\/wp\/v2\/pages\/1718","targetHints":{"allow":["GET"]}}],"collection":[{"href":"https:\/\/andemitapatagonia.com\/es\/wp-json\/wp\/v2\/pages"}],"about":[{"href":"https:\/\/andemitapatagonia.com\/es\/wp-json\/wp\/v2\/types\/page"}],"author":[{"embeddable":true,"href":"https:\/\/andemitapatagonia.com\/es\/wp-json\/wp\/v2\/users\/2"}],"replies":[{"embeddable":true,"href":"https:\/\/andemitapatagonia.com\/es\/wp-json\/wp\/v2\/comments?post=1718"}],"version-history":[{"count":8,"href":"https:\/\/andemitapatagonia.com\/es\/wp-json\/wp\/v2\/pages\/1718\/revisions"}],"predecessor-version":[{"id":9836,"href":"https:\/\/andemitapatagonia.com\/es\/wp-json\/wp\/v2\/pages\/1718\/revisions\/9836"}],"up":[{"embeddable":true,"href":"https:\/\/andemitapatagonia.com\/es\/wp-json\/wp\/v2\/pages\/1715"}],"wp:attachment":[{"href":"https:\/\/andemitapatagonia.com\/es\/wp-json\/wp\/v2\/media?parent=1718"}],"curies":[{"name":"wp","href":"https:\/\/api.w.org\/{rel}","templated":true}]}}