{"id":1717,"date":"2013-10-01T23:47:10","date_gmt":"2013-10-02T02:47:10","guid":{"rendered":"https:\/\/corporacionamerica.com.uy\/andemita\/?page_id=1717"},"modified":"2023-11-14T11:04:10","modified_gmt":"2023-11-14T14:04:10","slug":"region-patagonica","status":"publish","type":"page","link":"https:\/\/andemitapatagonia.com\/es\/patagonia\/region-patagonica","title":{"rendered":"Regi\u00f3n Patagonica"},"content":{"rendered":"\t\t<div data-elementor-type=\"wp-page\" data-elementor-id=\"1717\" class=\"elementor elementor-1717 elementor-30\" data-elementor-post-type=\"page\">\n\t\t\t\t\t\t<section class=\"elementor-section elementor-top-section elementor-element elementor-element-eb53395 elementor-section-boxed elementor-section-height-default elementor-section-height-default\" data-id=\"eb53395\" data-element_type=\"section\" data-e-type=\"section\" data-settings=\"{&quot;background_background&quot;:&quot;classic&quot;}\">\n\t\t\t\t\t\t<div class=\"elementor-container elementor-column-gap-default\">\n\t\t\t\t\t<div class=\"elementor-column elementor-col-50 elementor-top-column elementor-element elementor-element-3174a0a\" data-id=\"3174a0a\" data-element_type=\"column\" data-e-type=\"column\" data-settings=\"{&quot;background_background&quot;:&quot;classic&quot;}\">\n\t\t\t<div class=\"elementor-widget-wrap elementor-element-populated\">\n\t\t\t\t\t\t<div class=\"elementor-element elementor-element-f45ecce elementor-widget elementor-widget-image\" data-id=\"f45ecce\" data-element_type=\"widget\" data-e-type=\"widget\" data-widget_type=\"image.default\">\n\t\t\t\t<div class=\"elementor-widget-container\">\n\t\t\t\t\t\t\t\t\t\t\t\t\t\t\t<img fetchpriority=\"high\" decoding=\"async\" width=\"1322\" height=\"784\" src=\"https:\/\/andemitapatagonia.com\/wp-content\/uploads\/2023\/05\/mapa-andemita.png\" class=\"attachment-full size-full wp-image-9494\" alt=\"\" srcset=\"https:\/\/andemitapatagonia.com\/wp-content\/uploads\/2023\/05\/mapa-andemita.png 1322w, https:\/\/andemitapatagonia.com\/wp-content\/uploads\/2023\/05\/mapa-andemita-300x178.png 300w, https:\/\/andemitapatagonia.com\/wp-content\/uploads\/2023\/05\/mapa-andemita-1024x607.png 1024w, https:\/\/andemitapatagonia.com\/wp-content\/uploads\/2023\/05\/mapa-andemita-768x455.png 768w\" sizes=\"(max-width: 1322px) 100vw, 1322px\" \/>\t\t\t\t\t\t\t\t\t\t\t\t\t\t\t<\/div>\n\t\t\t\t<\/div>\n\t\t\t\t\t<\/div>\n\t\t<\/div>\n\t\t\t\t<div class=\"elementor-column elementor-col-50 elementor-top-column elementor-element elementor-element-1717ccb\" data-id=\"1717ccb\" data-element_type=\"column\" data-e-type=\"column\">\n\t\t\t<div class=\"elementor-widget-wrap elementor-element-populated\">\n\t\t\t\t\t\t<div class=\"elementor-element elementor-element-02fb56b elementor-widget elementor-widget-heading\" data-id=\"02fb56b\" data-element_type=\"widget\" data-e-type=\"widget\" data-widget_type=\"heading.default\">\n\t\t\t\t<div class=\"elementor-widget-container\">\n\t\t\t\t\t<h2 class=\"elementor-heading-title elementor-size-default\">Maravilloso e inexplorado territorio<\/h2>\t\t\t\t<\/div>\n\t\t\t\t<\/div>\n\t\t\t\t<div class=\"elementor-element elementor-element-c501dfc elementor-widget elementor-widget-spacer\" data-id=\"c501dfc\" data-element_type=\"widget\" data-e-type=\"widget\" data-widget_type=\"spacer.default\">\n\t\t\t\t<div class=\"elementor-widget-container\">\n\t\t\t\t\t\t\t<div class=\"elementor-spacer\">\n\t\t\t<div class=\"elementor-spacer-inner\"><\/div>\n\t\t<\/div>\n\t\t\t\t\t\t<\/div>\n\t\t\t\t<\/div>\n\t\t\t\t<div class=\"elementor-element elementor-element-be4d398 elementor-widget elementor-widget-text-editor\" data-id=\"be4d398\" data-element_type=\"widget\" data-e-type=\"widget\" data-widget_type=\"text-editor.default\">\n\t\t\t\t<div class=\"elementor-widget-container\">\n\t\t\t\t\t\t\t\t\t<p>La Patagonia es una regi\u00f3n que cubre un vasto territorio del Sur de la Argentina y Chile. La frontera entre ambos pa\u00edses recorre la Cordillera de Los Andes, frontera que desde su comienzo ha sido atravesada por ambos lados con un fuir cultural y natural. Esta tierra es de gran riqueza cultural y esto se puede percibir cuando podemos encontrar una vivienda en el fondo de un valle o al compartir un mate con un gaucho en un sendero. La Patagonia es la tierra de la soledad, las duras condiciones clim\u00e1ticas, espectaculares monta\u00f1as y aguas cristalinas. No es dif\u00edcil encontrarnos con grandes mam\u00edferos, aunque podemos ser sorprendidos por nuestro enorme c\u00f3ndor andino y las numerosas aves que pueblan los densos bosques.<\/p>\t\t\t\t\t\t\t\t<\/div>\n\t\t\t\t<\/div>\n\t\t\t\t\t<\/div>\n\t\t<\/div>\n\t\t\t\t\t<\/div>\n\t\t<\/section>\n\t\t\t\t<section class=\"elementor-section elementor-top-section elementor-element elementor-element-d8cb7ff elementor-section-boxed elementor-section-height-default elementor-section-height-default\" data-id=\"d8cb7ff\" data-element_type=\"section\" data-e-type=\"section\">\n\t\t\t\t\t\t<div class=\"elementor-container elementor-column-gap-default\">\n\t\t\t\t\t<div class=\"elementor-column elementor-col-33 elementor-top-column elementor-element elementor-element-cfc06ea\" data-id=\"cfc06ea\" data-element_type=\"column\" data-e-type=\"column\">\n\t\t\t<div class=\"elementor-widget-wrap elementor-element-populated\">\n\t\t\t\t\t\t<div class=\"elementor-element elementor-element-650a9a0 elementor-view-default elementor-widget elementor-widget-icon\" data-id=\"650a9a0\" data-element_type=\"widget\" data-e-type=\"widget\" data-widget_type=\"icon.default\">\n\t\t\t\t<div class=\"elementor-widget-container\">\n\t\t\t\t\t\t\t<div class=\"elementor-icon-wrapper\">\n\t\t\t<div class=\"elementor-icon\">\n\t\t\t<i aria-hidden=\"true\" class=\"the7bootstrap- the7-bootstrap-pin-map-fill\"><\/i>\t\t\t<\/div>\n\t\t<\/div>\n\t\t\t\t\t\t<\/div>\n\t\t\t\t<\/div>\n\t\t\t\t<div class=\"elementor-element elementor-element-df23347 elementor-widget elementor-widget-heading\" data-id=\"df23347\" data-element_type=\"widget\" data-e-type=\"widget\" data-widget_type=\"heading.default\">\n\t\t\t\t<div class=\"elementor-widget-container\">\n\t\t\t\t\t<h2 class=\"elementor-heading-title elementor-size-default\">Patagonia Sur<\/h2>\t\t\t\t<\/div>\n\t\t\t\t<\/div>\n\t\t\t\t<div class=\"elementor-element elementor-element-cef81ac elementor-widget elementor-widget-spacer\" data-id=\"cef81ac\" data-element_type=\"widget\" data-e-type=\"widget\" data-widget_type=\"spacer.default\">\n\t\t\t\t<div class=\"elementor-widget-container\">\n\t\t\t\t\t\t\t<div class=\"elementor-spacer\">\n\t\t\t<div class=\"elementor-spacer-inner\"><\/div>\n\t\t<\/div>\n\t\t\t\t\t\t<\/div>\n\t\t\t\t<\/div>\n\t\t\t\t<div class=\"elementor-element elementor-element-9fe63df elementor-widget elementor-widget-image\" data-id=\"9fe63df\" data-element_type=\"widget\" data-e-type=\"widget\" data-widget_type=\"image.default\">\n\t\t\t\t<div class=\"elementor-widget-container\">\n\t\t\t\t\t\t\t\t\t\t\t\t\t\t\t<img decoding=\"async\" width=\"700\" height=\"385\" src=\"https:\/\/andemitapatagonia.com\/wp-content\/uploads\/2013\/10\/montanismo-aysen-3.jpg\" class=\"attachment-large size-large wp-image-1420\" alt=\"\" srcset=\"https:\/\/andemitapatagonia.com\/wp-content\/uploads\/2013\/10\/montanismo-aysen-3.jpg 700w, https:\/\/andemitapatagonia.com\/wp-content\/uploads\/2013\/10\/montanismo-aysen-3-300x165.jpg 300w\" sizes=\"(max-width: 700px) 100vw, 700px\" \/>\t\t\t\t\t\t\t\t\t\t\t\t\t\t\t<\/div>\n\t\t\t\t<\/div>\n\t\t\t\t<div class=\"elementor-element elementor-element-48d4deb elementor-widget elementor-widget-spacer\" data-id=\"48d4deb\" data-element_type=\"widget\" data-e-type=\"widget\" data-widget_type=\"spacer.default\">\n\t\t\t\t<div class=\"elementor-widget-container\">\n\t\t\t\t\t\t\t<div class=\"elementor-spacer\">\n\t\t\t<div class=\"elementor-spacer-inner\"><\/div>\n\t\t<\/div>\n\t\t\t\t\t\t<\/div>\n\t\t\t\t<\/div>\n\t\t\t\t<div class=\"elementor-element elementor-element-dbdda0b elementor-widget elementor-widget-text-editor\" data-id=\"dbdda0b\" data-element_type=\"widget\" data-e-type=\"widget\" data-widget_type=\"text-editor.default\">\n\t\t\t\t<div class=\"elementor-widget-container\">\n\t\t\t\t\t\t\t\t\t<p>La regi\u00f3n se puede dividir en tres, el\u00a0<strong>sur de la Patagonia<\/strong>, donde encontrar\u00e1 Tierra del Fuego, con lugares incre\u00edbles para pesca con mosca. Santa Cruz y Magallanes provincias divididas por el Campo de Hielo Sur, creada por\u00a0 enormes glaciares que fluyen hacia el Este y el Oeste erosionando picos verticales como las Torres del Paine, Cerro Torre y Fitz Roy, esta es la tierra del viento.<\/p>\t\t\t\t\t\t\t\t<\/div>\n\t\t\t\t<\/div>\n\t\t\t\t\t<\/div>\n\t\t<\/div>\n\t\t\t\t<div class=\"elementor-column elementor-col-33 elementor-top-column elementor-element elementor-element-e776865\" data-id=\"e776865\" data-element_type=\"column\" data-e-type=\"column\">\n\t\t\t<div class=\"elementor-widget-wrap elementor-element-populated\">\n\t\t\t\t\t\t<div class=\"elementor-element elementor-element-81d155b elementor-view-default elementor-widget elementor-widget-icon\" data-id=\"81d155b\" data-element_type=\"widget\" data-e-type=\"widget\" data-widget_type=\"icon.default\">\n\t\t\t\t<div class=\"elementor-widget-container\">\n\t\t\t\t\t\t\t<div class=\"elementor-icon-wrapper\">\n\t\t\t<div class=\"elementor-icon\">\n\t\t\t<i aria-hidden=\"true\" class=\"the7bootstrap- the7-bootstrap-pin-map-fill\"><\/i>\t\t\t<\/div>\n\t\t<\/div>\n\t\t\t\t\t\t<\/div>\n\t\t\t\t<\/div>\n\t\t\t\t<div class=\"elementor-element elementor-element-8a7be5d elementor-widget elementor-widget-heading\" data-id=\"8a7be5d\" data-element_type=\"widget\" data-e-type=\"widget\" data-widget_type=\"heading.default\">\n\t\t\t\t<div class=\"elementor-widget-container\">\n\t\t\t\t\t<h2 class=\"elementor-heading-title elementor-size-default\">Patagonia Centro<\/h2>\t\t\t\t<\/div>\n\t\t\t\t<\/div>\n\t\t\t\t<div class=\"elementor-element elementor-element-1f7ad42 elementor-widget elementor-widget-spacer\" data-id=\"1f7ad42\" data-element_type=\"widget\" data-e-type=\"widget\" data-widget_type=\"spacer.default\">\n\t\t\t\t<div class=\"elementor-widget-container\">\n\t\t\t\t\t\t\t<div class=\"elementor-spacer\">\n\t\t\t<div class=\"elementor-spacer-inner\"><\/div>\n\t\t<\/div>\n\t\t\t\t\t\t<\/div>\n\t\t\t\t<\/div>\n\t\t\t\t<div class=\"elementor-element elementor-element-fb5a58d elementor-widget elementor-widget-image\" data-id=\"fb5a58d\" data-element_type=\"widget\" data-e-type=\"widget\" data-widget_type=\"image.default\">\n\t\t\t\t<div class=\"elementor-widget-container\">\n\t\t\t\t\t\t\t\t\t\t\t\t\t\t\t<img decoding=\"async\" width=\"1024\" height=\"683\" src=\"https:\/\/andemitapatagonia.com\/wp-content\/uploads\/2023\/04\/Cabalgata-Valle-FD-9-comp-1024x683-1.jpg\" class=\"attachment-large size-large wp-image-9227\" alt=\"\" srcset=\"https:\/\/andemitapatagonia.com\/wp-content\/uploads\/2023\/04\/Cabalgata-Valle-FD-9-comp-1024x683-1.jpg 1024w, https:\/\/andemitapatagonia.com\/wp-content\/uploads\/2023\/04\/Cabalgata-Valle-FD-9-comp-1024x683-1-300x200.jpg 300w, https:\/\/andemitapatagonia.com\/wp-content\/uploads\/2023\/04\/Cabalgata-Valle-FD-9-comp-1024x683-1-768x512.jpg 768w\" sizes=\"(max-width: 1024px) 100vw, 1024px\" \/>\t\t\t\t\t\t\t\t\t\t\t\t\t\t\t<\/div>\n\t\t\t\t<\/div>\n\t\t\t\t<div class=\"elementor-element elementor-element-7add813 elementor-widget elementor-widget-spacer\" data-id=\"7add813\" data-element_type=\"widget\" data-e-type=\"widget\" data-widget_type=\"spacer.default\">\n\t\t\t\t<div class=\"elementor-widget-container\">\n\t\t\t\t\t\t\t<div class=\"elementor-spacer\">\n\t\t\t<div class=\"elementor-spacer-inner\"><\/div>\n\t\t<\/div>\n\t\t\t\t\t\t<\/div>\n\t\t\t\t<\/div>\n\t\t\t\t<div class=\"elementor-element elementor-element-ac6f7a5 elementor-widget elementor-widget-text-editor\" data-id=\"ac6f7a5\" data-element_type=\"widget\" data-e-type=\"widget\" data-widget_type=\"text-editor.default\">\n\t\t\t\t<div class=\"elementor-widget-container\">\n\t\t\t\t\t\t\t\t\t<p>M\u00e1s al norte se encuentra la\u00a0<strong>Patagonia Central<\/strong>, probablemente, la m\u00e1s salvaje con las tierras menos pobladas. Regi\u00f3n de gran belleza natural desconocida por muchos, lleno de enormes lagos y hermosas monta\u00f1as con muchos glaciares que conforman su silueta. Valles con\u00a0 pobladores amables que le dar\u00e1 la bienvenida a su casa a cambio de tomar unos mates y compartir historias. Pasar unos d\u00edas en esas haciendas autosuficientes, aisladas, no tiene precio. Aqu\u00ed encontramos majestuosas monta\u00f1as como San Lorenzo y San Valent\u00edn, el tipo del Campo de Hielo Norte. Hacia el oeste, la tierra chilena Fiordos de los casi desaparecidos kaw\u00e9sqar, aqu\u00ed glaciares fluyen Estrecho hacia el Oc\u00e9ano Pac\u00edfico con vistas incre\u00edbles y diversi\u00f3n kayak de mar a lo largo de los icebergs.<\/p>\t\t\t\t\t\t\t\t<\/div>\n\t\t\t\t<\/div>\n\t\t\t\t\t<\/div>\n\t\t<\/div>\n\t\t\t\t<div class=\"elementor-column elementor-col-33 elementor-top-column elementor-element elementor-element-53709e9\" data-id=\"53709e9\" data-element_type=\"column\" data-e-type=\"column\">\n\t\t\t<div class=\"elementor-widget-wrap elementor-element-populated\">\n\t\t\t\t\t\t<div class=\"elementor-element elementor-element-637a121 elementor-view-default elementor-widget elementor-widget-icon\" data-id=\"637a121\" data-element_type=\"widget\" data-e-type=\"widget\" data-widget_type=\"icon.default\">\n\t\t\t\t<div class=\"elementor-widget-container\">\n\t\t\t\t\t\t\t<div class=\"elementor-icon-wrapper\">\n\t\t\t<div class=\"elementor-icon\">\n\t\t\t<i aria-hidden=\"true\" class=\"the7bootstrap- the7-bootstrap-pin-map-fill\"><\/i>\t\t\t<\/div>\n\t\t<\/div>\n\t\t\t\t\t\t<\/div>\n\t\t\t\t<\/div>\n\t\t\t\t<div class=\"elementor-element elementor-element-98f2915 elementor-widget elementor-widget-heading\" data-id=\"98f2915\" data-element_type=\"widget\" data-e-type=\"widget\" data-widget_type=\"heading.default\">\n\t\t\t\t<div class=\"elementor-widget-container\">\n\t\t\t\t\t<h2 class=\"elementor-heading-title elementor-size-default\">Patagonia Norte<\/h2>\t\t\t\t<\/div>\n\t\t\t\t<\/div>\n\t\t\t\t<div class=\"elementor-element elementor-element-e001223 elementor-widget elementor-widget-spacer\" data-id=\"e001223\" data-element_type=\"widget\" data-e-type=\"widget\" data-widget_type=\"spacer.default\">\n\t\t\t\t<div class=\"elementor-widget-container\">\n\t\t\t\t\t\t\t<div class=\"elementor-spacer\">\n\t\t\t<div class=\"elementor-spacer-inner\"><\/div>\n\t\t<\/div>\n\t\t\t\t\t\t<\/div>\n\t\t\t\t<\/div>\n\t\t\t\t<div class=\"elementor-element elementor-element-82acbbf elementor-widget elementor-widget-image\" data-id=\"82acbbf\" data-element_type=\"widget\" data-e-type=\"widget\" data-widget_type=\"image.default\">\n\t\t\t\t<div class=\"elementor-widget-container\">\n\t\t\t\t\t\t\t\t\t\t\t\t\t\t\t<img loading=\"lazy\" decoding=\"async\" width=\"1024\" height=\"475\" src=\"https:\/\/andemitapatagonia.com\/wp-content\/uploads\/2020\/08\/IMG_8347-1-1024x475.jpg\" class=\"attachment-large size-large wp-image-1515\" alt=\"\" srcset=\"https:\/\/andemitapatagonia.com\/wp-content\/uploads\/2020\/08\/IMG_8347-1-1024x475.jpg 1024w, https:\/\/andemitapatagonia.com\/wp-content\/uploads\/2020\/08\/IMG_8347-1-900x418.jpg 900w, https:\/\/andemitapatagonia.com\/wp-content\/uploads\/2020\/08\/IMG_8347-1-1200x557.jpg 1200w, https:\/\/andemitapatagonia.com\/wp-content\/uploads\/2020\/08\/IMG_8347-1-300x139.jpg 300w, https:\/\/andemitapatagonia.com\/wp-content\/uploads\/2020\/08\/IMG_8347-1-768x356.jpg 768w, https:\/\/andemitapatagonia.com\/wp-content\/uploads\/2020\/08\/IMG_8347-1-1536x713.jpg 1536w, https:\/\/andemitapatagonia.com\/wp-content\/uploads\/2020\/08\/IMG_8347-1.jpg 1677w\" sizes=\"(max-width: 1024px) 100vw, 1024px\" \/>\t\t\t\t\t\t\t\t\t\t\t\t\t\t\t<\/div>\n\t\t\t\t<\/div>\n\t\t\t\t<div class=\"elementor-element elementor-element-1a69baf elementor-widget elementor-widget-spacer\" data-id=\"1a69baf\" data-element_type=\"widget\" data-e-type=\"widget\" data-widget_type=\"spacer.default\">\n\t\t\t\t<div class=\"elementor-widget-container\">\n\t\t\t\t\t\t\t<div class=\"elementor-spacer\">\n\t\t\t<div class=\"elementor-spacer-inner\"><\/div>\n\t\t<\/div>\n\t\t\t\t\t\t<\/div>\n\t\t\t\t<\/div>\n\t\t\t\t<div class=\"elementor-element elementor-element-edea84e elementor-widget elementor-widget-text-editor\" data-id=\"edea84e\" data-element_type=\"widget\" data-e-type=\"widget\" data-widget_type=\"text-editor.default\">\n\t\t\t\t<div class=\"elementor-widget-container\">\n\t\t\t\t\t\t\t\t\t<p><strong>Patagonia Norte<\/strong>\u00a0cubre probablemente el \u00e1rea m\u00e1s grande de los tres, tiene incre\u00edble diversidad de ambientes y la topograf\u00eda. Desde la costa atl\u00e1ntica con oportunidades y mucha flora y fauna que se extiende todo el camino casi hasta las faldas de los Andes al oeste semi-postre observaci\u00f3n de la fauna del mar. Esta zona se llama La Regi\u00f3n de los Lagos que recibe una gran cantidad de precipitaciones desde el Pac\u00edfico, gran parte de que se caiga en el lado chileno de crear el valdiviana Templo Selva. El resto de cruzar los Andes permitiendo hermoso templo del bosque andino a crecer hasta que llegan a los glaciares de agua lagos curvas claras que se extiende por todo hacia el Este.<\/p>\t\t\t\t\t\t\t\t<\/div>\n\t\t\t\t<\/div>\n\t\t\t\t\t<\/div>\n\t\t<\/div>\n\t\t\t\t\t<\/div>\n\t\t<\/section>\n\t\t\t\t<section class=\"elementor-section elementor-top-section elementor-element elementor-element-49edbb3 elementor-section-boxed elementor-section-height-default elementor-section-height-default\" data-id=\"49edbb3\" data-element_type=\"section\" data-e-type=\"section\">\n\t\t\t\t\t\t<div class=\"elementor-container elementor-column-gap-default\">\n\t\t\t\t\t<div class=\"elementor-column elementor-col-100 elementor-top-column elementor-element elementor-element-92d100a\" data-id=\"92d100a\" data-element_type=\"column\" data-e-type=\"column\">\n\t\t\t<div class=\"elementor-widget-wrap elementor-element-populated\">\n\t\t\t\t\t\t<div class=\"elementor-element elementor-element-6849dd8 elementor-widget elementor-widget-spacer\" data-id=\"6849dd8\" data-element_type=\"widget\" data-e-type=\"widget\" data-widget_type=\"spacer.default\">\n\t\t\t\t<div class=\"elementor-widget-container\">\n\t\t\t\t\t\t\t<div class=\"elementor-spacer\">\n\t\t\t<div class=\"elementor-spacer-inner\"><\/div>\n\t\t<\/div>\n\t\t\t\t\t\t<\/div>\n\t\t\t\t<\/div>\n\t\t\t\t\t<\/div>\n\t\t<\/div>\n\t\t\t\t\t<\/div>\n\t\t<\/section>\n\t\t\t\t<section class=\"elementor-section elementor-top-section elementor-element elementor-element-c54f360 elementor-section-boxed elementor-section-height-default elementor-section-height-default\" data-id=\"c54f360\" data-element_type=\"section\" data-e-type=\"section\">\n\t\t\t\t\t\t<div class=\"elementor-container elementor-column-gap-default\">\n\t\t\t\t\t<div class=\"elementor-column elementor-col-50 elementor-top-column elementor-element elementor-element-2238494\" data-id=\"2238494\" data-element_type=\"column\" data-e-type=\"column\">\n\t\t\t<div class=\"elementor-widget-wrap elementor-element-populated\">\n\t\t\t\t\t\t<div class=\"elementor-element elementor-element-4bafd1b elementor-widget elementor-widget-heading\" data-id=\"4bafd1b\" data-element_type=\"widget\" data-e-type=\"widget\" data-widget_type=\"heading.default\">\n\t\t\t\t<div class=\"elementor-widget-container\">\n\t\t\t\t\t<h2 class=\"elementor-heading-title elementor-size-default\">San Carlos de Bariloche<\/h2>\t\t\t\t<\/div>\n\t\t\t\t<\/div>\n\t\t\t\t<div class=\"elementor-element elementor-element-569d53f elementor-widget elementor-widget-spacer\" data-id=\"569d53f\" data-element_type=\"widget\" data-e-type=\"widget\" data-widget_type=\"spacer.default\">\n\t\t\t\t<div class=\"elementor-widget-container\">\n\t\t\t\t\t\t\t<div class=\"elementor-spacer\">\n\t\t\t<div class=\"elementor-spacer-inner\"><\/div>\n\t\t<\/div>\n\t\t\t\t\t\t<\/div>\n\t\t\t\t<\/div>\n\t\t\t\t<div class=\"elementor-element elementor-element-9a3dbdc elementor-widget elementor-widget-text-editor\" data-id=\"9a3dbdc\" data-element_type=\"widget\" data-e-type=\"widget\" data-widget_type=\"text-editor.default\">\n\t\t\t\t<div class=\"elementor-widget-container\">\n\t\t\t\t\t\t\t\t\t<p>La ciudad de\u00a0<strong>San Carlos de Bariloche<\/strong>\u00a0es un excelente punto desde donde comienza aventuras. Se encuentra en la orilla de un gran lago llamado Nahuel Huapi y rodeado por el primer Parque Nacional de Argentina (tercero en el mundo). Bariloche fue recientemente nombrada la \u201c<strong>Capital del Turismo de Aventura<\/strong>\u201d\u00a0<strong>en Argentina<\/strong>\u00a0debido a la gran variedad de actividades que usted encontrar\u00e1 aqu\u00ed. Desde\u00a0<strong>paseos a caballo<\/strong>\u00a0y\u00a0<strong>observaci\u00f3n de aves<\/strong>\u00a0en la estepa, la\u00a0<strong>pesca de truchas<\/strong>\u00a0en los\u00a0<strong>lagos<\/strong>\u00a0y los\u00a0<strong>r\u00edos<\/strong>, los d\u00edas o las opciones de d\u00eda de\u00a0<strong>trekking<\/strong>\u00a0de varios en todo el parque, el deporte o la\u00a0<strong>escalada alpina<\/strong>\u00a0por la ciudad y en\u00a0<strong>Frey Valley<\/strong>,\u00a0<strong>kayak de traves\u00eda<\/strong>\u00a0a lo largo de los lagos,\u00a0<strong>rafting<\/strong>\u00a0y paddling en el\u00a0<strong>r\u00edo Manso<\/strong>, un sinf\u00edn de opciones de rutas de\u00a0<strong>bicicleta de monta\u00f1a<\/strong>,\u00a0<strong>parapente<\/strong>\u00a0desde el\u00a0<strong>Cerro Otto<\/strong>\u00a0y la\u00a0<strong>navegaci\u00f3n<\/strong>\u00a0en el\u00a0<strong>Lago Nahuel Huapi<\/strong>. Todas estas opciones y m\u00e1s se pueden encontrar cerca de la ciudad, que por s\u00ed misma ofrece una gran variedad de alojamientos, restaurantes, entretenimiento, vida nocturna, la vida cultural y las opciones de compra.<\/p>\t\t\t\t\t\t\t\t<\/div>\n\t\t\t\t<\/div>\n\t\t\t\t\t<\/div>\n\t\t<\/div>\n\t\t\t\t<div class=\"elementor-column elementor-col-50 elementor-top-column elementor-element elementor-element-7f21904\" data-id=\"7f21904\" data-element_type=\"column\" data-e-type=\"column\">\n\t\t\t<div class=\"elementor-widget-wrap elementor-element-populated\">\n\t\t\t\t\t\t<div class=\"elementor-element elementor-element-375eb9a elementor-widget elementor-widget-spacer\" data-id=\"375eb9a\" data-element_type=\"widget\" data-e-type=\"widget\" data-widget_type=\"spacer.default\">\n\t\t\t\t<div class=\"elementor-widget-container\">\n\t\t\t\t\t\t\t<div class=\"elementor-spacer\">\n\t\t\t<div class=\"elementor-spacer-inner\"><\/div>\n\t\t<\/div>\n\t\t\t\t\t\t<\/div>\n\t\t\t\t<\/div>\n\t\t\t\t<div class=\"elementor-element elementor-element-18dd4c2 elementor-widget elementor-widget-image\" data-id=\"18dd4c2\" data-element_type=\"widget\" data-e-type=\"widget\" data-widget_type=\"image.default\">\n\t\t\t\t<div class=\"elementor-widget-container\">\n\t\t\t\t\t\t\t\t\t\t\t\t\t\t\t<img loading=\"lazy\" decoding=\"async\" width=\"1024\" height=\"576\" src=\"https:\/\/andemitapatagonia.com\/wp-content\/uploads\/2023\/04\/bariloche-1024x576.jpeg\" class=\"attachment-large size-large wp-image-9233\" alt=\"\" srcset=\"https:\/\/andemitapatagonia.com\/wp-content\/uploads\/2023\/04\/bariloche-1024x576.jpeg 1024w, https:\/\/andemitapatagonia.com\/wp-content\/uploads\/2023\/04\/bariloche-300x169.jpeg 300w, https:\/\/andemitapatagonia.com\/wp-content\/uploads\/2023\/04\/bariloche-768x432.jpeg 768w, https:\/\/andemitapatagonia.com\/wp-content\/uploads\/2023\/04\/bariloche.jpeg 1366w\" sizes=\"(max-width: 1024px) 100vw, 1024px\" \/>\t\t\t\t\t\t\t\t\t\t\t\t\t\t\t<\/div>\n\t\t\t\t<\/div>\n\t\t\t\t\t<\/div>\n\t\t<\/div>\n\t\t\t\t\t<\/div>\n\t\t<\/section>\n\t\t\t\t<section class=\"elementor-section elementor-top-section elementor-element elementor-element-ecf14b8 elementor-section-boxed elementor-section-height-default elementor-section-height-default\" data-id=\"ecf14b8\" data-element_type=\"section\" data-e-type=\"section\">\n\t\t\t\t\t\t<div class=\"elementor-container elementor-column-gap-default\">\n\t\t\t\t\t<div class=\"elementor-column elementor-col-100 elementor-top-column elementor-element elementor-element-a5952c5\" data-id=\"a5952c5\" data-element_type=\"column\" data-e-type=\"column\">\n\t\t\t<div class=\"elementor-widget-wrap elementor-element-populated\">\n\t\t\t\t\t\t<div class=\"elementor-element elementor-element-36f51cf elementor-widget elementor-widget-spacer\" data-id=\"36f51cf\" data-element_type=\"widget\" data-e-type=\"widget\" data-widget_type=\"spacer.default\">\n\t\t\t\t<div class=\"elementor-widget-container\">\n\t\t\t\t\t\t\t<div class=\"elementor-spacer\">\n\t\t\t<div class=\"elementor-spacer-inner\"><\/div>\n\t\t<\/div>\n\t\t\t\t\t\t<\/div>\n\t\t\t\t<\/div>\n\t\t\t\t\t<\/div>\n\t\t<\/div>\n\t\t\t\t\t<\/div>\n\t\t<\/section>\n\t\t\t\t<\/div>\n\t\t","protected":false},"excerpt":{"rendered":"<p>Maravilloso e inexplorado territorio La Patagonia es una regi\u00f3n que cubre un vasto territorio del Sur de la Argentina y Chile. La frontera entre ambos pa\u00edses recorre la Cordillera de Los Andes, frontera que desde su comienzo ha sido atravesada por ambos lados con un fuir cultural y natural. Esta tierra es de gran riqueza&hellip;<\/p>\n","protected":false},"author":2,"featured_media":0,"parent":1715,"menu_order":0,"comment_status":"closed","ping_status":"closed","template":"","meta":{"_acf_changed":false,"_monsterinsights_skip_tracking":false,"_monsterinsights_sitenote_active":false,"_monsterinsights_sitenote_note":"","_monsterinsights_sitenote_category":0,"_joinchat":[],"footnotes":""},"class_list":["post-1717","page","type-page","status-publish","hentry"],"acf":[],"_links":{"self":[{"href":"https:\/\/andemitapatagonia.com\/es\/wp-json\/wp\/v2\/pages\/1717","targetHints":{"allow":["GET"]}}],"collection":[{"href":"https:\/\/andemitapatagonia.com\/es\/wp-json\/wp\/v2\/pages"}],"about":[{"href":"https:\/\/andemitapatagonia.com\/es\/wp-json\/wp\/v2\/types\/page"}],"author":[{"embeddable":true,"href":"https:\/\/andemitapatagonia.com\/es\/wp-json\/wp\/v2\/users\/2"}],"replies":[{"embeddable":true,"href":"https:\/\/andemitapatagonia.com\/es\/wp-json\/wp\/v2\/comments?post=1717"}],"version-history":[{"count":11,"href":"https:\/\/andemitapatagonia.com\/es\/wp-json\/wp\/v2\/pages\/1717\/revisions"}],"predecessor-version":[{"id":9835,"href":"https:\/\/andemitapatagonia.com\/es\/wp-json\/wp\/v2\/pages\/1717\/revisions\/9835"}],"up":[{"embeddable":true,"href":"https:\/\/andemitapatagonia.com\/es\/wp-json\/wp\/v2\/pages\/1715"}],"wp:attachment":[{"href":"https:\/\/andemitapatagonia.com\/es\/wp-json\/wp\/v2\/media?parent=1717"}],"curies":[{"name":"wp","href":"https:\/\/api.w.org\/{rel}","templated":true}]}}