{"id":1706,"date":"2013-10-22T13:55:55","date_gmt":"2013-10-22T16:55:55","guid":{"rendered":"https:\/\/corporacionamerica.com.uy\/andemita\/?page_id=1706"},"modified":"2023-11-14T11:02:17","modified_gmt":"2023-11-14T14:02:17","slug":"por-que-andemita","status":"publish","type":"page","link":"https:\/\/andemitapatagonia.com\/es\/conocenos\/por-que-andemita","title":{"rendered":"\u00bfPor qu\u00e9 Andemita?"},"content":{"rendered":"\t\t<div data-elementor-type=\"wp-page\" data-elementor-id=\"1706\" class=\"elementor elementor-1706 elementor-174\" data-elementor-post-type=\"page\">\n\t\t\t\t\t\t<section class=\"elementor-section elementor-top-section elementor-element elementor-element-036bc19 elementor-section-boxed elementor-section-height-default elementor-section-height-default\" data-id=\"036bc19\" data-element_type=\"section\" data-e-type=\"section\" data-settings=\"{&quot;background_background&quot;:&quot;classic&quot;}\">\n\t\t\t\t\t\t<div class=\"elementor-container elementor-column-gap-default\">\n\t\t\t\t\t<div class=\"elementor-column elementor-col-50 elementor-top-column elementor-element elementor-element-3ff3cf8\" data-id=\"3ff3cf8\" data-element_type=\"column\" data-e-type=\"column\" data-settings=\"{&quot;background_background&quot;:&quot;classic&quot;}\">\n\t\t\t<div class=\"elementor-widget-wrap elementor-element-populated\">\n\t\t\t\t\t\t<div class=\"elementor-element elementor-element-47f86ad elementor-widget elementor-widget-image\" data-id=\"47f86ad\" data-element_type=\"widget\" data-e-type=\"widget\" data-widget_type=\"image.default\">\n\t\t\t\t<div class=\"elementor-widget-container\">\n\t\t\t\t\t\t\t\t\t\t\t\t\t\t\t<img fetchpriority=\"high\" decoding=\"async\" width=\"1082\" height=\"596\" src=\"https:\/\/andemitapatagonia.com\/wp-content\/uploads\/2022\/07\/IMG_1083.jpg\" class=\"attachment-full size-full wp-image-1592\" alt=\"\" srcset=\"https:\/\/andemitapatagonia.com\/wp-content\/uploads\/2022\/07\/IMG_1083.jpg 1082w, https:\/\/andemitapatagonia.com\/wp-content\/uploads\/2022\/07\/IMG_1083-900x496.jpg 900w, https:\/\/andemitapatagonia.com\/wp-content\/uploads\/2022\/07\/IMG_1083-300x165.jpg 300w, https:\/\/andemitapatagonia.com\/wp-content\/uploads\/2022\/07\/IMG_1083-1024x564.jpg 1024w, https:\/\/andemitapatagonia.com\/wp-content\/uploads\/2022\/07\/IMG_1083-768x423.jpg 768w\" sizes=\"(max-width: 1082px) 100vw, 1082px\" \/>\t\t\t\t\t\t\t\t\t\t\t\t\t\t\t<\/div>\n\t\t\t\t<\/div>\n\t\t\t\t<div class=\"elementor-element elementor-element-54edd66 elementor-widget elementor-widget-spacer\" data-id=\"54edd66\" data-element_type=\"widget\" data-e-type=\"widget\" data-widget_type=\"spacer.default\">\n\t\t\t\t<div class=\"elementor-widget-container\">\n\t\t\t\t\t\t\t<div class=\"elementor-spacer\">\n\t\t\t<div class=\"elementor-spacer-inner\"><\/div>\n\t\t<\/div>\n\t\t\t\t\t\t<\/div>\n\t\t\t\t<\/div>\n\t\t\t\t<div class=\"elementor-element elementor-element-071ca6e elementor-widget elementor-widget-heading\" data-id=\"071ca6e\" data-element_type=\"widget\" data-e-type=\"widget\" data-widget_type=\"heading.default\">\n\t\t\t\t<div class=\"elementor-widget-container\">\n\t\t\t\t\t<h2 class=\"elementor-heading-title elementor-size-default\">Andemita es una palabra nueva que viene a representar la experiencia que nosotros queremos crear y trasmitir a nuestros clientes. Nos enorgullece formar parte de un proyecto que pueda tener un impacto positivo y que colabore en formar mejores personas conectadas con nuestro Mundo natural.\nLa palabra proviene de \u201cAnde\u201d, refiri\u00e9ndose a la Cordillera de los Andes donde desarrollamos nuestras actividades con pasi\u00f3n. Mientras que \u201cmita\u201d es un t\u00e9rmino en lengua Quechua que significa \u201cturno, momento o temporada\u201d.\nAndemita es tu momento de explorar los Andes.<\/h2>\t\t\t\t<\/div>\n\t\t\t\t<\/div>\n\t\t\t\t\t<\/div>\n\t\t<\/div>\n\t\t\t\t<div class=\"elementor-column elementor-col-50 elementor-top-column elementor-element elementor-element-0acec40\" data-id=\"0acec40\" data-element_type=\"column\" data-e-type=\"column\" data-settings=\"{&quot;background_background&quot;:&quot;classic&quot;}\">\n\t\t\t<div class=\"elementor-widget-wrap elementor-element-populated\">\n\t\t\t\t\t\t<div class=\"elementor-element elementor-element-6a1890bf elementor-widget elementor-widget-text-editor\" data-id=\"6a1890bf\" data-element_type=\"widget\" data-e-type=\"widget\" data-widget_type=\"text-editor.default\">\n\t\t\t\t<div class=\"elementor-widget-container\">\n\t\t\t\t\t\t\t\t\t<h4><strong>Qu\u00e9 te har\u00e1 elegirnos?<\/strong><\/h4><p>Nos encanta nuestro trabajo, nos involucramos con nuestras tareas de forma comprometida centr\u00e1ndonos en las necesidades de nuestros clientes. Somos una empresa peque\u00f1a lo que nos permite mantenernos flexibles a los cambios y brindar un servicio personalizado y focalizado en la experiencia del visitante.<\/p><p>Como gu\u00edas, nuestra responsabilidad consiste en hacerte sonre\u00edr, esto lo podemos lograr guiandote en una ascensi\u00f3n desafiante, o llev\u00e1ndote a un mirador impactante, compartiendo una charla con mates, ense\u00f1andote a hornear pizzas sobre un glaciar o compartiendo una rica cerveza artesanal luego de un d\u00eda de monta\u00f1a. Por esto mismo nuestra compa\u00f1\u00eda brinda un servicio simple y profesional, orientado al detalle sin excesos. Nuestro objetivo es conectar a los visitantes con la naturaleza, con las cosas simples y bellas de la vida.<\/p><p><em>\u201cEstoy feliz de liderar este proyecto junto a\u00a0 un grupo de profesionales amigos y crear una cultura de empresa que refleje nuestros valores y \u00e9tica sobre las personas y el planeta.\u201d<\/em><\/p>\t\t\t\t\t\t\t\t<\/div>\n\t\t\t\t<\/div>\n\t\t\t\t<div class=\"elementor-element elementor-element-db60582 elementor-widget elementor-widget-spacer\" data-id=\"db60582\" data-element_type=\"widget\" data-e-type=\"widget\" data-widget_type=\"spacer.default\">\n\t\t\t\t<div class=\"elementor-widget-container\">\n\t\t\t\t\t\t\t<div class=\"elementor-spacer\">\n\t\t\t<div class=\"elementor-spacer-inner\"><\/div>\n\t\t<\/div>\n\t\t\t\t\t\t<\/div>\n\t\t\t\t<\/div>\n\t\t\t\t<div class=\"elementor-element elementor-element-5a032a1 elementor-widget elementor-widget-heading\" data-id=\"5a032a1\" data-element_type=\"widget\" data-e-type=\"widget\" data-widget_type=\"heading.default\">\n\t\t\t\t<div class=\"elementor-widget-container\">\n\t\t\t\t\t<h2 class=\"elementor-heading-title elementor-size-default\">Juan C. Queirolo<\/h2>\t\t\t\t<\/div>\n\t\t\t\t<\/div>\n\t\t\t\t\t<\/div>\n\t\t<\/div>\n\t\t\t\t\t<\/div>\n\t\t<\/section>\n\t\t\t\t<section class=\"elementor-section elementor-top-section elementor-element elementor-element-4fe7dff0 elementor-section-boxed elementor-section-height-default elementor-section-height-default\" data-id=\"4fe7dff0\" data-element_type=\"section\" data-e-type=\"section\">\n\t\t\t\t\t\t<div class=\"elementor-container elementor-column-gap-default\">\n\t\t\t\t\t<div class=\"elementor-column elementor-col-100 elementor-top-column elementor-element elementor-element-6fe309a5\" data-id=\"6fe309a5\" data-element_type=\"column\" data-e-type=\"column\">\n\t\t\t<div class=\"elementor-widget-wrap\">\n\t\t\t\t\t\t\t<\/div>\n\t\t<\/div>\n\t\t\t\t\t<\/div>\n\t\t<\/section>\n\t\t\t\t<section class=\"elementor-section elementor-top-section elementor-element elementor-element-cbb853a elementor-section-boxed elementor-section-height-default elementor-section-height-default\" data-id=\"cbb853a\" data-element_type=\"section\" data-e-type=\"section\">\n\t\t\t\t\t\t<div class=\"elementor-container elementor-column-gap-default\">\n\t\t\t\t\t<div class=\"elementor-column elementor-col-100 elementor-top-column elementor-element elementor-element-510ca3a\" data-id=\"510ca3a\" data-element_type=\"column\" data-e-type=\"column\">\n\t\t\t<div class=\"elementor-widget-wrap elementor-element-populated\">\n\t\t\t\t\t\t<div class=\"elementor-element elementor-element-438ea7b elementor-widget elementor-widget-spacer\" data-id=\"438ea7b\" data-element_type=\"widget\" data-e-type=\"widget\" data-widget_type=\"spacer.default\">\n\t\t\t\t<div class=\"elementor-widget-container\">\n\t\t\t\t\t\t\t<div class=\"elementor-spacer\">\n\t\t\t<div class=\"elementor-spacer-inner\"><\/div>\n\t\t<\/div>\n\t\t\t\t\t\t<\/div>\n\t\t\t\t<\/div>\n\t\t\t\t\t<\/div>\n\t\t<\/div>\n\t\t\t\t\t<\/div>\n\t\t<\/section>\n\t\t\t\t<\/div>\n\t\t","protected":false},"excerpt":{"rendered":"<p>Andemita es una palabra nueva que viene a representar la experiencia que nosotros queremos crear y trasmitir a nuestros clientes. Nos enorgullece formar parte de un proyecto que pueda tener un impacto positivo y que colabore en formar mejores personas conectadas con nuestro Mundo natural. La palabra proviene de \u201cAnde\u201d, refiri\u00e9ndose a la Cordillera de&hellip;<\/p>\n","protected":false},"author":2,"featured_media":0,"parent":1703,"menu_order":0,"comment_status":"closed","ping_status":"closed","template":"","meta":{"_acf_changed":false,"_monsterinsights_skip_tracking":false,"_monsterinsights_sitenote_active":false,"_monsterinsights_sitenote_note":"","_monsterinsights_sitenote_category":0,"_joinchat":[],"footnotes":""},"class_list":["post-1706","page","type-page","status-publish","hentry"],"acf":[],"_links":{"self":[{"href":"https:\/\/andemitapatagonia.com\/es\/wp-json\/wp\/v2\/pages\/1706","targetHints":{"allow":["GET"]}}],"collection":[{"href":"https:\/\/andemitapatagonia.com\/es\/wp-json\/wp\/v2\/pages"}],"about":[{"href":"https:\/\/andemitapatagonia.com\/es\/wp-json\/wp\/v2\/types\/page"}],"author":[{"embeddable":true,"href":"https:\/\/andemitapatagonia.com\/es\/wp-json\/wp\/v2\/users\/2"}],"replies":[{"embeddable":true,"href":"https:\/\/andemitapatagonia.com\/es\/wp-json\/wp\/v2\/comments?post=1706"}],"version-history":[{"count":8,"href":"https:\/\/andemitapatagonia.com\/es\/wp-json\/wp\/v2\/pages\/1706\/revisions"}],"predecessor-version":[{"id":9801,"href":"https:\/\/andemitapatagonia.com\/es\/wp-json\/wp\/v2\/pages\/1706\/revisions\/9801"}],"up":[{"embeddable":true,"href":"https:\/\/andemitapatagonia.com\/es\/wp-json\/wp\/v2\/pages\/1703"}],"wp:attachment":[{"href":"https:\/\/andemitapatagonia.com\/es\/wp-json\/wp\/v2\/media?parent=1706"}],"curies":[{"name":"wp","href":"https:\/\/api.w.org\/{rel}","templated":true}]}}