{"id":1692,"date":"2015-07-10T17:49:58","date_gmt":"2015-07-10T20:49:58","guid":{"rendered":"https:\/\/corporacionamerica.com.uy\/andemita\/?page_id=1692"},"modified":"2023-11-14T11:01:14","modified_gmt":"2023-11-14T14:01:14","slug":"novedades-outdoor","status":"publish","type":"page","link":"https:\/\/andemitapatagonia.com\/es\/novedades-outdoor","title":{"rendered":"Novedades Outdoor"},"content":{"rendered":"\t\t<div data-elementor-type=\"wp-page\" data-elementor-id=\"1692\" class=\"elementor elementor-1692 elementor-754\" data-elementor-post-type=\"page\">\n\t\t\t\t\t\t<section class=\"elementor-section elementor-top-section elementor-element elementor-element-a0ef622 elementor-section-boxed elementor-section-height-default elementor-section-height-default\" data-id=\"a0ef622\" data-element_type=\"section\" data-e-type=\"section\">\n\t\t\t\t\t\t<div class=\"elementor-container elementor-column-gap-default\">\n\t\t\t\t\t<div class=\"elementor-column elementor-col-100 elementor-top-column elementor-element elementor-element-091e1aa\" data-id=\"091e1aa\" data-element_type=\"column\" data-e-type=\"column\">\n\t\t\t<div class=\"elementor-widget-wrap elementor-element-populated\">\n\t\t\t\t\t\t<div class=\"elementor-element elementor-element-be6995e elementor-widget elementor-widget-the7_elements\" data-id=\"be6995e\" data-element_type=\"widget\" data-e-type=\"widget\" data-widget_type=\"the7_elements.default\">\n\t\t\t\t<div class=\"elementor-widget-container\">\n\t\t\t\t\t<div class=\"portfolio-shortcode the7-elementor-widget the7_elements-be6995e mode-masonry classic-layout-list description-under-image quick-scale-img content-bg-on enable-bg-rollover resize-by-browser-width loading-effect-none jquery-filter\" data-padding=\"15px\" data-mobile-columns-num=\"1\" data-tablet-columns-num=\"2\" data-desktop-columns-num=\"2\" data-wide-desktop-columns-num=\"2\" data-post-limit=\"-1\" data-pagination-mode=\"none\" data-scroll-offset=\"\" aria-live=\"assertive\"><div class=\"iso-container dt-isotope custom-iso-columns\"><div class=\"visible wf-cell iso-item\" data-post-id=\"9803\" data-date=\"2023-11-01T19:47:10-03:00\" data-name=\"PROGRESION DE UN KAYAKISTA DE TRAVESIA\"><article class=\"post visible post-9803 type-post status-publish format-standard has-post-thumbnail hentry category-novedades tag-curso-de-kayak tag-kayak-de-travesia tag-kayakismo tag-kayakista category-27 description-off\" data-name=\"PROGRESION DE UN KAYAKISTA DE TRAVESIA\" data-date=\"2023-11-01T19:47:10-03:00\">\n\n\t<div class=\"post-thumbnail-wrap\">\n\t\t<div class=\"post-thumbnail\">\n\n\t\t\t<a class=\"post-thumbnail-rollover layzr-bg img-css-resize-wrapper\" aria-label=\"Post image\" href=\"https:\/\/andemitapatagonia.com\/es\/novedades\/progresion-de-un-kayakista-de-travesia\"><img fetchpriority=\"high\" decoding=\"async\" width=\"1280\" height=\"848\" src=\"data:image\/svg+xml,%3Csvg%20xmlns%3D&#039;http%3A%2F%2Fwww.w3.org%2F2000%2Fsvg&#039;%20viewBox%3D&#039;0%200%201280%20848&#039;%2F%3E\" class=\"attachment-full size-full preload-me aspect lazy lazy-load\" alt=\"\" sizes=\"(max-width: 1280px) 100vw, 1280px\" style=\"--ratio: 1280 \/ 848;\" data-src=\"https:\/\/andemitapatagonia.com\/wp-content\/uploads\/2023\/11\/WhatsApp-Image-2023-11-01-at-18.28.42-1.jpeg\" loading=\"eager\" data-srcset=\"https:\/\/andemitapatagonia.com\/wp-content\/uploads\/2023\/11\/WhatsApp-Image-2023-11-01-at-18.28.42-1.jpeg 1280w, https:\/\/andemitapatagonia.com\/wp-content\/uploads\/2023\/11\/WhatsApp-Image-2023-11-01-at-18.28.42-1-300x199.jpeg 300w, https:\/\/andemitapatagonia.com\/wp-content\/uploads\/2023\/11\/WhatsApp-Image-2023-11-01-at-18.28.42-1-1024x678.jpeg 1024w, https:\/\/andemitapatagonia.com\/wp-content\/uploads\/2023\/11\/WhatsApp-Image-2023-11-01-at-18.28.42-1-768x509.jpeg 768w\" \/><span class=\"the7-hover-icon\"><i aria-hidden=\"true\" class=\"fas fa-plus\"><\/i><\/span><\/a>\n\t\t<\/div>\n\t<\/div>\n\n\n<div class=\"post-entry-content\">\n\n\t<h3 class=\"ele-entry-title\"><a href=\"https:\/\/andemitapatagonia.com\/es\/novedades\/progresion-de-un-kayakista-de-travesia\" rel=\"bookmark\" title=\"PROGRESION DE UN KAYAKISTA DE TRAVESIA\">PROGRESION DE UN KAYAKISTA DE TRAVESIA<\/a><\/h3><div class=\"entry-meta\"><a href=\"https:\/\/andemitapatagonia.com\/es\/2023\/11\/01\" title=\"7:47 pm\" class=\"meta-item data-link\" rel=\"bookmark\"><time class=\"entry-date updated\" datetime=\"2023-11-01T19:47:10-03:00\">1 noviembre, 2023<\/time><\/a><\/div><div class=\"entry-excerpt\"><p>Hace muchos a\u00f1os me vengo preguntando y pensando, c\u00f3mo puedo plasmar un esquema o concepto que ayude a nuevos kayakistas a convertirse en\u00a0 palistas seguros y autosuficientes. Durante los \u00faltimos 15 a\u00f1os en los que he guiado, instruido y \u201ccoacheado\u201d a muchas personas en el agua, siempre me ha quedado esta idea en la cabeza.&hellip;<\/p>\n<\/div><a href=\"https:\/\/andemitapatagonia.com\/es\/novedades\/progresion-de-un-kayakista-de-travesia\" target=\"\" aria-label=\"Read more about PROGRESION DE UN KAYAKISTA DE TRAVESIA\" class=\"box-button elementor-button elementor-size-md\">Leer m\u00e1s<\/a>\n<\/div><\/article><\/div><div class=\"visible wf-cell iso-item\" data-post-id=\"9740\" data-date=\"2023-11-01T14:32:30-03:00\" data-name=\"Listado Equipamiento para Senderismo - Trekking\"><article class=\"post visible post-9740 type-post status-publish format-standard has-post-thumbnail hentry category-novedades tag-aventura-bariloche tag-bariloche-trekking tag-equipamiento tag-equipo-de-trekking tag-hiking tag-patagonia-trekking tag-trekking category-27 description-off\" data-name=\"Listado Equipamiento para Senderismo &#8211; Trekking\" data-date=\"2023-11-01T14:32:30-03:00\">\n\n\t<div class=\"post-thumbnail-wrap\">\n\t\t<div class=\"post-thumbnail\">\n\n\t\t\t<a class=\"post-thumbnail-rollover layzr-bg img-css-resize-wrapper\" aria-label=\"Post image\" href=\"https:\/\/andemitapatagonia.com\/es\/novedades\/listado-equipamiento-senderismo-trekking\"><img decoding=\"async\" width=\"1000\" height=\"663\" src=\"data:image\/svg+xml,%3Csvg%20xmlns%3D&#039;http%3A%2F%2Fwww.w3.org%2F2000%2Fsvg&#039;%20viewBox%3D&#039;0%200%201000%20663&#039;%2F%3E\" class=\"attachment-full size-full preload-me aspect lazy lazy-load\" alt=\"\" sizes=\"(max-width: 1000px) 100vw, 1000px\" style=\"--ratio: 1000 \/ 663;\" data-src=\"https:\/\/andemitapatagonia.com\/wp-content\/uploads\/2023\/11\/DSCN1452.jpg\" loading=\"eager\" data-srcset=\"https:\/\/andemitapatagonia.com\/wp-content\/uploads\/2023\/11\/DSCN1452.jpg 1000w, https:\/\/andemitapatagonia.com\/wp-content\/uploads\/2023\/11\/DSCN1452-300x199.jpg 300w, https:\/\/andemitapatagonia.com\/wp-content\/uploads\/2023\/11\/DSCN1452-768x509.jpg 768w\" \/><span class=\"the7-hover-icon\"><i aria-hidden=\"true\" class=\"fas fa-plus\"><\/i><\/span><\/a>\n\t\t<\/div>\n\t<\/div>\n\n\n<div class=\"post-entry-content\">\n\n\t<h3 class=\"ele-entry-title\"><a href=\"https:\/\/andemitapatagonia.com\/es\/novedades\/listado-equipamiento-senderismo-trekking\" rel=\"bookmark\" title=\"Listado Equipamiento para Senderismo &#8211; Trekking\">Listado Equipamiento para Senderismo &#8211; Trekking<\/a><\/h3><div class=\"entry-meta\"><a href=\"https:\/\/andemitapatagonia.com\/es\/2023\/11\/01\" title=\"2:32 pm\" class=\"meta-item data-link\" rel=\"bookmark\"><time class=\"entry-date updated\" datetime=\"2023-11-01T14:32:30-03:00\">1 noviembre, 2023<\/time><\/a><\/div><div class=\"entry-excerpt\"><p>Te contamos qu\u00e9 llevar y como mantener el peso de tu mochila al m\u00ednimo! El objetivo de este listado es asesorarte en el equipamiento que necesitar\u00e1s para realizar una traves\u00eda de trekking de monta\u00f1a. El sistema que usamos para vestirnos en la monta\u00f1a se llama \u201cpor capas\u201d esto quiere decir que es mejor tener varias&hellip;<\/p>\n<\/div><a href=\"https:\/\/andemitapatagonia.com\/es\/novedades\/listado-equipamiento-senderismo-trekking\" target=\"\" aria-label=\"Read more about Listado Equipamiento para Senderismo &#8211; Trekking\" class=\"box-button elementor-button elementor-size-md\">Leer m\u00e1s<\/a>\n<\/div><\/article><\/div><div class=\"visible wf-cell iso-item\" data-post-id=\"1594\" data-date=\"2022-06-23T21:54:58-03:00\" data-name=\"Nota sobre Trekking con Raquetas de Nieve en Bariloche, Patagonia\"><article class=\"post visible no-img post-1594 type-post status-publish format-standard hentry category-novedades tag-montana-invernal tag-raquetas-de-nieve tag-raquetas-de-nieve-en-bariloche tag-seguridad-montana tag-snowshoeing-bariloche tag-trekking-bariloche-es\" data-name=\"Nota sobre Trekking con Raquetas de Nieve en Bariloche, Patagonia\" data-date=\"2022-06-23T21:54:58-03:00\">\n\n<div class=\"post-entry-content\">\n\n\t<h3 class=\"ele-entry-title\"><a href=\"https:\/\/andemitapatagonia.com\/es\/novedades\/espanol-nota-sobre-trekking-con-raquetas-de-nieve\" rel=\"bookmark\" title=\"Nota sobre Trekking con Raquetas de Nieve en Bariloche, Patagonia\">Nota sobre Trekking con Raquetas de Nieve en Bariloche, Patagonia<\/a><\/h3><div class=\"entry-meta\"><a href=\"https:\/\/andemitapatagonia.com\/es\/2022\/06\/23\" title=\"9:54 pm\" class=\"meta-item data-link\" rel=\"bookmark\"><time class=\"entry-date updated\" datetime=\"2022-06-23T21:54:58-03:00\">23 junio, 2022<\/time><\/a><\/div><div class=\"entry-excerpt\"><p>Hola! Les compartimos un articulo que elaboramos junto a la Revista Aire en Bariloche. En esta oportunidad brindamos informaci\u00f3n sobre una actividad invernal que esta creciendo cada a\u00f1o, el Trekking con Raquetas de Nieve. La idea es fomentar la actividad de manera responsable y con informaci\u00f3n. Espero los motive a salir a la monta\u00f1a y&hellip;<\/p>\n<\/div><a href=\"https:\/\/andemitapatagonia.com\/es\/novedades\/espanol-nota-sobre-trekking-con-raquetas-de-nieve\" target=\"\" aria-label=\"Read more about Nota sobre Trekking con Raquetas de Nieve en Bariloche, Patagonia\" class=\"box-button elementor-button elementor-size-md\">Leer m\u00e1s<\/a>\n<\/div><\/article><\/div><div class=\"visible wf-cell iso-item\" data-post-id=\"1602\" data-date=\"2021-10-26T17:36:00-03:00\" data-name=\"Restaurantes recomendados en Bariloche\"><article class=\"post visible no-img post-1602 type-post status-publish format-standard hentry category-novedades\" data-name=\"Restaurantes recomendados en Bariloche\" data-date=\"2021-10-26T17:36:00-03:00\">\n\n<div class=\"post-entry-content\">\n\n\t<h3 class=\"ele-entry-title\"><a href=\"https:\/\/andemitapatagonia.com\/es\/novedades\/recomendacion-de-restaurantes-en-bariloche\" rel=\"bookmark\" title=\"Restaurantes recomendados en Bariloche\">Restaurantes recomendados en Bariloche<\/a><\/h3><div class=\"entry-meta\"><a href=\"https:\/\/andemitapatagonia.com\/es\/2021\/10\/26\" title=\"5:36 pm\" class=\"meta-item data-link\" rel=\"bookmark\"><time class=\"entry-date updated\" datetime=\"2021-10-26T17:36:00-03:00\">26 octubre, 2021<\/time><\/a><\/div><div class=\"entry-excerpt\"><p>Hola amigos! Muchas gracias por visitar nuestro sitio y ojal\u00e1 lleguemos a explorar juntos la Patagonia. Como parte de nuestro servicio de gu\u00edas, queremos aprovechar y recomendarles algunas opciones de restaurantes donde comer en Bariloche, ya que vivimos ac\u00e1 y conocemos bien las propuestas! No esta bueno salir a la aventura con la panza vac\u00eda,&hellip;<\/p>\n<\/div><a href=\"https:\/\/andemitapatagonia.com\/es\/novedades\/recomendacion-de-restaurantes-en-bariloche\" target=\"\" aria-label=\"Read more about Restaurantes recomendados en Bariloche\" class=\"box-button elementor-button elementor-size-md\">Leer m\u00e1s<\/a>\n<\/div><\/article><\/div><div class=\"visible wf-cell iso-item\" data-post-id=\"1613\" data-date=\"2016-07-05T22:26:47-03:00\" data-name=\"\u00bfCuando viajar y salir a explorar Bariloche Patagonia?\"><article class=\"post visible no-img post-1613 type-post status-publish format-standard hentry category-novedades\" data-name=\"\u00bfCuando viajar y salir a explorar Bariloche Patagonia?\" data-date=\"2016-07-05T22:26:47-03:00\">\n\n<div class=\"post-entry-content\">\n\n\t<h3 class=\"ele-entry-title\"><a href=\"https:\/\/andemitapatagonia.com\/es\/novedades\/cuando-viajar-aventura-bariloche-patagonia\" rel=\"bookmark\" title=\"\u00bfCuando viajar y salir a explorar Bariloche Patagonia?\">\u00bfCuando viajar y salir a explorar Bariloche Patagonia?<\/a><\/h3><div class=\"entry-meta\"><a href=\"https:\/\/andemitapatagonia.com\/es\/2016\/07\/05\" title=\"10:26 pm\" class=\"meta-item data-link\" rel=\"bookmark\"><time class=\"entry-date updated\" datetime=\"2016-07-05T22:26:47-03:00\">5 julio, 2016<\/time><\/a><\/div><div class=\"entry-excerpt\"><p>Estimados visitantes, aqu\u00ed les compartimos una descripci\u00f3n mes a mes con los aspectos m\u00e1s destacados y las condiciones clim\u00e1ticas y de monta\u00f1a para saber qu\u00e9 hacer y esperar en la Patagonia Norte durante todo el a\u00f1o! Despu\u00e9s de muchos a\u00f1os viviendo, trabajando y viajando por la Patagonia Norte decidimos escribir estas recomendaciones ya que leemos&hellip;<\/p>\n<\/div><a href=\"https:\/\/andemitapatagonia.com\/es\/novedades\/cuando-viajar-aventura-bariloche-patagonia\" target=\"\" aria-label=\"Read more about \u00bfCuando viajar y salir a explorar Bariloche Patagonia?\" class=\"box-button elementor-button elementor-size-md\">Leer m\u00e1s<\/a>\n<\/div><\/article><\/div><div class=\"visible wf-cell iso-item\" data-post-id=\"1626\" data-date=\"2015-07-15T20:29:02-03:00\" data-name=\"Como vestirse para Patagonia!\"><article class=\"post visible no-img post-1626 type-post status-publish format-standard hentry category-novedades\" data-name=\"Como vestirse para Patagonia!\" data-date=\"2015-07-15T20:29:02-03:00\">\n\n<div class=\"post-entry-content\">\n\n\t<h3 class=\"ele-entry-title\"><a href=\"https:\/\/andemitapatagonia.com\/es\/novedades\/layering-for-patagonia\" rel=\"bookmark\" title=\"Como vestirse para Patagonia!\">Como vestirse para Patagonia!<\/a><\/h3><div class=\"entry-meta\"><a href=\"https:\/\/andemitapatagonia.com\/es\/2015\/07\/15\" title=\"8:29 pm\" class=\"meta-item data-link\" rel=\"bookmark\"><time class=\"entry-date updated\" datetime=\"2015-07-15T20:29:02-03:00\">15 julio, 2015<\/time><\/a><\/div><div class=\"entry-excerpt\"><p>Crees que est\u00e1s listo para una aventura en la Patagonia? Seguramente lo estas si sabes c\u00f3mo vestirte para soportar cualquier tipo de condici\u00f3n clim\u00e1tica, ya que las podes llegar a experimentar todas el mismo d\u00eda! La Regi\u00f3n Patag\u00f3nica es conocida por sus r\u00e1pidos y repentinos cambios de clima es por eso que queremos compartir algunos&hellip;<\/p>\n<\/div><a href=\"https:\/\/andemitapatagonia.com\/es\/novedades\/layering-for-patagonia\" target=\"\" aria-label=\"Read more about Como vestirse para Patagonia!\" class=\"box-button elementor-button elementor-size-md\">Leer m\u00e1s<\/a>\n<\/div><\/article><\/div><\/div><!-- iso-container|iso-grid --><\/div>\t\t\t\t<\/div>\n\t\t\t\t<\/div>\n\t\t\t\t\t<\/div>\n\t\t<\/div>\n\t\t\t\t\t<\/div>\n\t\t<\/section>\n\t\t\t\t<section class=\"elementor-section elementor-top-section elementor-element elementor-element-30aa057 elementor-section-boxed elementor-section-height-default elementor-section-height-default\" data-id=\"30aa057\" data-element_type=\"section\" data-e-type=\"section\">\n\t\t\t\t\t\t<div class=\"elementor-container elementor-column-gap-default\">\n\t\t\t\t\t<div class=\"elementor-column elementor-col-100 elementor-top-column elementor-element elementor-element-af1de63\" data-id=\"af1de63\" data-element_type=\"column\" data-e-type=\"column\">\n\t\t\t<div class=\"elementor-widget-wrap elementor-element-populated\">\n\t\t\t\t\t\t<div class=\"elementor-element elementor-element-4b20f8b elementor-widget elementor-widget-spacer\" data-id=\"4b20f8b\" data-element_type=\"widget\" data-e-type=\"widget\" data-widget_type=\"spacer.default\">\n\t\t\t\t<div class=\"elementor-widget-container\">\n\t\t\t\t\t\t\t<div class=\"elementor-spacer\">\n\t\t\t<div class=\"elementor-spacer-inner\"><\/div>\n\t\t<\/div>\n\t\t\t\t\t\t<\/div>\n\t\t\t\t<\/div>\n\t\t\t\t\t<\/div>\n\t\t<\/div>\n\t\t\t\t\t<\/div>\n\t\t<\/section>\n\t\t\t\t<\/div>\n\t\t","protected":false},"excerpt":{"rendered":"<p>Nota sobre Trekking con Raquetas de Nieve en Bariloche, Patagonia 23 junio, 2022Deja un comentario Hola! Les compartimos un articulo que elaboramos junto a la Revista Aire en Bariloche. En esta oportunidad brindamos informaci\u00f3n sobre una actividad invernal que esta creciendo cada a\u00f1o, el Trekking con Raquetas de Nieve. La idea es fomentar la actividad&hellip;<\/p>\n","protected":false},"author":2,"featured_media":0,"parent":0,"menu_order":0,"comment_status":"closed","ping_status":"closed","template":"","meta":{"_acf_changed":false,"_monsterinsights_skip_tracking":false,"_monsterinsights_sitenote_active":false,"_monsterinsights_sitenote_note":"","_monsterinsights_sitenote_category":0,"_joinchat":[],"footnotes":""},"class_list":["post-1692","page","type-page","status-publish","hentry"],"acf":[],"_links":{"self":[{"href":"https:\/\/andemitapatagonia.com\/es\/wp-json\/wp\/v2\/pages\/1692","targetHints":{"allow":["GET"]}}],"collection":[{"href":"https:\/\/andemitapatagonia.com\/es\/wp-json\/wp\/v2\/pages"}],"about":[{"href":"https:\/\/andemitapatagonia.com\/es\/wp-json\/wp\/v2\/types\/page"}],"author":[{"embeddable":true,"href":"https:\/\/andemitapatagonia.com\/es\/wp-json\/wp\/v2\/users\/2"}],"replies":[{"embeddable":true,"href":"https:\/\/andemitapatagonia.com\/es\/wp-json\/wp\/v2\/comments?post=1692"}],"version-history":[{"count":5,"href":"https:\/\/andemitapatagonia.com\/es\/wp-json\/wp\/v2\/pages\/1692\/revisions"}],"predecessor-version":[{"id":9527,"href":"https:\/\/andemitapatagonia.com\/es\/wp-json\/wp\/v2\/pages\/1692\/revisions\/9527"}],"wp:attachment":[{"href":"https:\/\/andemitapatagonia.com\/es\/wp-json\/wp\/v2\/media?parent=1692"}],"curies":[{"name":"wp","href":"https:\/\/api.w.org\/{rel}","templated":true}]}}